{"id":3417,"date":"2026-01-12T13:24:47","date_gmt":"2026-01-12T18:24:47","guid":{"rendered":"https:\/\/foyerglobalhealth.globalexcel.com\/carte-de-prestations\/"},"modified":"2026-01-26T10:55:15","modified_gmt":"2026-01-26T15:55:15","slug":"carte-de-service","status":"publish","type":"page","link":"https:\/\/foyerglobalhealth.globalexcel.com\/fr\/carte-de-service\/","title":{"rendered":"Carte de service"},"content":{"rendered":"\t\t<div data-elementor-type=\"wp-page\" data-elementor-id=\"3417\" class=\"elementor elementor-3417 elementor-2796\" data-elementor-post-type=\"page\">\n\t\t\t\t<div class=\"elementor-element elementor-element-65a3a47 e-flex e-con-boxed e-con e-parent\" data-id=\"65a3a47\" data-element_type=\"container\" data-e-type=\"container\" data-settings=\"{&quot;background_background&quot;:&quot;classic&quot;}\">\n\t\t\t\t\t<div class=\"e-con-inner\">\n\t\t\t\t<div class=\"elementor-element elementor-element-74d447a elementor-widget elementor-widget-heading\" data-id=\"74d447a\" data-element_type=\"widget\" data-e-type=\"widget\" data-widget_type=\"heading.default\">\n\t\t\t\t<div class=\"elementor-widget-container\">\n\t\t\t\t\t<h1 class=\"elementor-heading-title elementor-size-default\">Carte de service<\/h1>\t\t\t\t<\/div>\n\t\t\t\t<\/div>\n\t\t\t\t\t<\/div>\n\t\t\t\t<\/div>\n\t\t<div class=\"elementor-element elementor-element-da69158 e-flex e-con-boxed e-con e-parent\" data-id=\"da69158\" data-element_type=\"container\" data-e-type=\"container\">\n\t\t\t\t\t<div class=\"e-con-inner\">\n\t\t\t\t<div class=\"elementor-element elementor-element-16dee9f elementor-widget elementor-widget-heading\" data-id=\"16dee9f\" data-element_type=\"widget\" data-e-type=\"widget\" data-widget_type=\"heading.default\">\n\t\t\t\t<div class=\"elementor-widget-container\">\n\t\t\t\t\t<h2 class=\"elementor-heading-title elementor-size-default\">Au sein des r\u00e9seaux m\u00e9dicaux AETNA et CVS, vous n'aurez pas \u00e0 payer vous-m\u00eame les consultations.<\/h2>\t\t\t\t<\/div>\n\t\t\t\t<\/div>\n\t\t\t\t<div class=\"elementor-element elementor-element-8a5adf3 elementor-widget elementor-widget-text-editor\" data-id=\"8a5adf3\" data-element_type=\"widget\" data-e-type=\"widget\" data-widget_type=\"text-editor.default\">\n\t\t\t\t<div class=\"elementor-widget-container\">\n\t\t\t\t\t\t\t\t\t<div class=\"wpb_text_column wpb_content_element \"><div class=\"wpb_wrapper\"><p>Par cons\u00e9quent, veuillez pr\u00e9senter votre carte d&rsquo;assurance \u00e0 votre prestataire de soins de sant\u00e9 (m\u00e9decins, h\u00f4pitaux) et mentionner que le r\u00e9seau est Aetna Passport to Healthcare (\u00e9galement connu sous le nom d&rsquo;Aetna Global PPO). Une fois la carte pr\u00e9sent\u00e9e, le cabinet du prestataire contactera Global Excel Management pour obtenir des informations suppl\u00e9mentaires et proc\u00e9der \u00e0 une v\u00e9rification. <\/p><h3><strong>Veuillez pr\u00e9senter la carte \u00e0 chaque visite et \u00e0 chaque traitement.<\/strong><\/h3><p>Il est important d&rsquo;avoir toujours votre carte d&rsquo;assurance sur vous. Au verso de cette carte figurent des informations importantes qui permettent aux prestataires m\u00e9dicaux d&rsquo;adresser leurs demandes de remboursement \u00e0 Global Excel Management pour traitement. Si vous ne pr\u00e9sentez pas votre carte d&rsquo;assurance au prestataire m\u00e9dical, les factures et les rappels vous seront envoy\u00e9s directement.  <\/p><\/div><\/div><div id=\"fws_645a772870c56\" class=\"wpb_row vc_row-fluid vc_row inner_row\" data-midnight=\"\" data-column-margin=\"default\"><div class=\"row-bg-wrap\"><div class=\"row-bg\"> <\/div><\/div><div class=\"row_col_wrap_12_inner col span_12 left\"><div class=\"vc_col-sm-6 wpb_column column_container vc_column_container col child_column padding-2-percent\" data-padding-pos=\"all\" data-has-bg-color=\"false\" data-bg-color=\"\" data-bg-opacity=\"1\" data-animation=\"\" data-delay=\"0\"><div class=\"vc_column-inner\"><div class=\"wpb_wrapper\"><div class=\"img-with-aniamtion-wrap right\" data-max-width=\"100%\" data-max-width-mobile=\"100%\" data-shadow=\"none\" data-animation=\"fade-in-from-right\"><div class=\"inner\"><div class=\"hover-wrap\"> <\/div><\/div><\/div><\/div><\/div><\/div><\/div><\/div>\t\t\t\t\t\t\t\t<\/div>\n\t\t\t\t<\/div>\n\t\t<div class=\"elementor-element elementor-element-3639f30 e-flex e-con-boxed e-con e-child\" data-id=\"3639f30\" data-element_type=\"container\" data-e-type=\"container\">\n\t\t\t\t\t<div class=\"e-con-inner\">\n\t\t<div class=\"elementor-element elementor-element-dcdfcbb e-con-full e-flex e-con e-child\" data-id=\"dcdfcbb\" data-element_type=\"container\" data-e-type=\"container\">\n\t\t\t\t<div class=\"elementor-element elementor-element-ca789d3 elementor-invisible elementor-widget elementor-widget-image\" data-id=\"ca789d3\" data-element_type=\"widget\" data-e-type=\"widget\" data-settings=\"{&quot;_animation&quot;:&quot;fadeInLeft&quot;}\" data-widget_type=\"image.default\">\n\t\t\t\t<div class=\"elementor-widget-container\">\n\t\t\t\t\t\t\t\t\t\t\t\t\t\t\t\t<a href=\"https:\/\/foyerglobalhealth.globalexcel.com\/wp-content\/uploads\/recto_foyer.svg\" data-elementor-open-lightbox=\"yes\" data-elementor-lightbox-title=\"recto_foyer\" data-e-action-hash=\"#elementor-action%3Aaction%3Dlightbox%26settings%3DeyJpZCI6MzMyNiwidXJsIjoiaHR0cHM6XC9cL2ZveWVyZ2xvYmFsaGVhbHRoLmdsb2JhbGV4Y2VsLmNvbVwvd3AtY29udGVudFwvdXBsb2Fkc1wvcmVjdG9fZm95ZXIuc3ZnIn0%3D\">\n\t\t\t\t\t\t\t<img decoding=\"async\" width=\"1\" height=\"1\" src=\"https:\/\/foyerglobalhealth.globalexcel.com\/wp-content\/uploads\/recto_foyer.svg\" class=\"attachment-large size-large wp-image-3326\" alt=\"\" \/>\t\t\t\t\t\t\t\t<\/a>\n\t\t\t\t\t\t\t\t\t\t\t\t\t\t\t<\/div>\n\t\t\t\t<\/div>\n\t\t\t\t<div class=\"elementor-element elementor-element-26b0e0e elementor-widget elementor-widget-text-editor\" data-id=\"26b0e0e\" data-element_type=\"widget\" data-e-type=\"widget\" data-widget_type=\"text-editor.default\">\n\t\t\t\t<div class=\"elementor-widget-container\">\n\t\t\t\t\t\t\t\t\t<p><em>Recto<\/em><\/p>\t\t\t\t\t\t\t\t<\/div>\n\t\t\t\t<\/div>\n\t\t\t\t<\/div>\n\t\t<div class=\"elementor-element elementor-element-a8ef35e e-con-full e-flex e-con e-child\" data-id=\"a8ef35e\" data-element_type=\"container\" data-e-type=\"container\">\n\t\t\t\t<div class=\"elementor-element elementor-element-725bd54 elementor-invisible elementor-widget elementor-widget-image\" data-id=\"725bd54\" data-element_type=\"widget\" data-e-type=\"widget\" data-settings=\"{&quot;_animation&quot;:&quot;fadeInLeft&quot;}\" data-widget_type=\"image.default\">\n\t\t\t\t<div class=\"elementor-widget-container\">\n\t\t\t\t\t\t\t\t\t\t\t\t\t\t\t\t<a href=\"https:\/\/foyerglobalhealth.globalexcel.com\/wp-content\/uploads\/verso_foyer.svg\" data-elementor-open-lightbox=\"yes\" data-elementor-lightbox-title=\"verso_foyer\" data-e-action-hash=\"#elementor-action%3Aaction%3Dlightbox%26settings%3DeyJpZCI6MzMzMCwidXJsIjoiaHR0cHM6XC9cL2ZveWVyZ2xvYmFsaGVhbHRoLmdsb2JhbGV4Y2VsLmNvbVwvd3AtY29udGVudFwvdXBsb2Fkc1wvdmVyc29fZm95ZXIuc3ZnIn0%3D\">\n\t\t\t\t\t\t\t<img decoding=\"async\" width=\"1\" height=\"1\" src=\"https:\/\/foyerglobalhealth.globalexcel.com\/wp-content\/uploads\/verso_foyer.svg\" class=\"attachment-large size-large wp-image-3330\" alt=\"\" \/>\t\t\t\t\t\t\t\t<\/a>\n\t\t\t\t\t\t\t\t\t\t\t\t\t\t\t<\/div>\n\t\t\t\t<\/div>\n\t\t\t\t<div class=\"elementor-element elementor-element-c1b27e3 elementor-widget elementor-widget-text-editor\" data-id=\"c1b27e3\" data-element_type=\"widget\" data-e-type=\"widget\" data-widget_type=\"text-editor.default\">\n\t\t\t\t<div class=\"elementor-widget-container\">\n\t\t\t\t\t\t\t\t\t<p><em>Verso<\/em><\/p>\t\t\t\t\t\t\t\t<\/div>\n\t\t\t\t<\/div>\n\t\t\t\t<\/div>\n\t\t\t\t\t<\/div>\n\t\t\t\t<\/div>\n\t\t<div class=\"elementor-element elementor-element-69c13fa e-flex e-con-boxed e-con e-child\" data-id=\"69c13fa\" data-element_type=\"container\" data-e-type=\"container\">\n\t\t\t\t\t<div class=\"e-con-inner\">\n\t\t\t\t<div class=\"elementor-element elementor-element-3cd0a85 elementor-widget elementor-widget-text-editor\" data-id=\"3cd0a85\" data-element_type=\"widget\" data-e-type=\"widget\" data-widget_type=\"text-editor.default\">\n\t\t\t\t<div class=\"elementor-widget-container\">\n\t\t\t\t\t\t\t\t\t<p>Si vous n&rsquo;avez pas encore re\u00e7u votre carte d&rsquo;assurance physique, nous vous prions de bien vouloir nous contacter (<a href=\"mailto:service@globalexcel.com\">service@globalexcel.com<\/a>) d\u00e8s que possible par t\u00e9l\u00e9phone ou par e-mail afin de nous communiquer votre adresse actuelle. Une fois que vous nous aurez communiqu\u00e9 votre adresse, nous vous d\u00e9livrerons une carte d&rsquo;assurance physique et vous l&rsquo;enverrons.<\/p>\t\t\t\t\t\t\t\t<\/div>\n\t\t\t\t<\/div>\n\t\t\t\t\t<\/div>\n\t\t\t\t<\/div>\n\t\t\t\t\t<\/div>\n\t\t\t\t<\/div>\n\t\t\t\t<\/div>\n\t\t","protected":false},"excerpt":{"rendered":"<p>Carte de service Au sein des r\u00e9seaux m\u00e9dicaux AETNA et CVS, vous n&rsquo;aurez pas \u00e0 payer vous-m\u00eame les consultations. Par cons\u00e9quent, veuillez pr\u00e9senter votre carte d&rsquo;assurance \u00e0 votre prestataire de soins de sant\u00e9 (m\u00e9decins, h\u00f4pitaux) et mentionner que le r\u00e9seau est Aetna Passport to Healthcare (\u00e9galement connu sous le nom d&rsquo;Aetna Global PPO). Une fois [&hellip;]<\/p>\n","protected":false},"author":3,"featured_media":0,"parent":0,"menu_order":0,"comment_status":"closed","ping_status":"closed","template":"","meta":{"inline_featured_image":false,"footnotes":""},"class_list":["post-3417","page","type-page","status-publish","hentry"],"_links":{"self":[{"href":"https:\/\/foyerglobalhealth.globalexcel.com\/fr\/wp-json\/wp\/v2\/pages\/3417","targetHints":{"allow":["GET"]}}],"collection":[{"href":"https:\/\/foyerglobalhealth.globalexcel.com\/fr\/wp-json\/wp\/v2\/pages"}],"about":[{"href":"https:\/\/foyerglobalhealth.globalexcel.com\/fr\/wp-json\/wp\/v2\/types\/page"}],"author":[{"embeddable":true,"href":"https:\/\/foyerglobalhealth.globalexcel.com\/fr\/wp-json\/wp\/v2\/users\/3"}],"replies":[{"embeddable":true,"href":"https:\/\/foyerglobalhealth.globalexcel.com\/fr\/wp-json\/wp\/v2\/comments?post=3417"}],"version-history":[{"count":8,"href":"https:\/\/foyerglobalhealth.globalexcel.com\/fr\/wp-json\/wp\/v2\/pages\/3417\/revisions"}],"predecessor-version":[{"id":3547,"href":"https:\/\/foyerglobalhealth.globalexcel.com\/fr\/wp-json\/wp\/v2\/pages\/3417\/revisions\/3547"}],"wp:attachment":[{"href":"https:\/\/foyerglobalhealth.globalexcel.com\/fr\/wp-json\/wp\/v2\/media?parent=3417"}],"curies":[{"name":"wp","href":"https:\/\/api.w.org\/{rel}","templated":true}]}}