{"id":2062,"date":"2023-03-21T14:44:19","date_gmt":"2023-03-21T18:44:19","guid":{"rendered":"https:\/\/demorc.globalexcel.com\/mieux-comprendre-global-excel\/"},"modified":"2026-01-12T13:09:44","modified_gmt":"2026-01-12T18:09:44","slug":"mieux-comprendre-global-excel","status":"publish","type":"page","link":"https:\/\/foyerglobalhealth.globalexcel.com\/fr\/mieux-comprendre-global-excel\/","title":{"rendered":"Mieux conna\u00eetre Global Excel"},"content":{"rendered":"\t\t<div data-elementor-type=\"wp-page\" data-elementor-id=\"2062\" class=\"elementor elementor-2062 elementor-1851\" data-elementor-post-type=\"page\">\n\t\t\t\t<div class=\"elementor-element elementor-element-65a3a47 e-flex e-con-boxed e-con e-parent\" data-id=\"65a3a47\" data-element_type=\"container\" data-e-type=\"container\" data-settings=\"{&quot;background_background&quot;:&quot;classic&quot;}\">\n\t\t\t\t\t<div class=\"e-con-inner\">\n\t\t\t\t<div class=\"elementor-element elementor-element-74d447a elementor-widget elementor-widget-heading\" data-id=\"74d447a\" data-element_type=\"widget\" data-e-type=\"widget\" data-widget_type=\"heading.default\">\n\t\t\t\t<div class=\"elementor-widget-container\">\n\t\t\t\t\t<h1 class=\"elementor-heading-title elementor-size-default\">Mieux conna\u00eetre Global Excel<\/h1>\t\t\t\t<\/div>\n\t\t\t\t<\/div>\n\t\t\t\t\t<\/div>\n\t\t\t\t<\/div>\n\t\t<div class=\"elementor-element elementor-element-da69158 e-flex e-con-boxed e-con e-parent\" data-id=\"da69158\" data-element_type=\"container\" data-e-type=\"container\">\n\t\t\t\t\t<div class=\"e-con-inner\">\n\t\t\t\t<div class=\"elementor-element elementor-element-365d676 elementor-widget elementor-widget-text-editor\" data-id=\"365d676\" data-element_type=\"widget\" data-e-type=\"widget\" data-widget_type=\"text-editor.default\">\n\t\t\t\t<div class=\"elementor-widget-container\">\n\t\t\t\t\t\t\t\t\t<h2><strong>Qui est Global Excel ?<\/strong><\/h2><p>Global Excel est une soci\u00e9t\u00e9 d\u2019administration et de gestion des risques en termes de soins de sant\u00e9. Nous sommes pr\u00e9sents dans plusieurs r\u00e9gions \u00e0 travers le monde et nous travaillons en partenariat avec de nombreux assureurs et agents internationaux pour soutenir et administrer les produits d\u2019assurance destin\u00e9s aux voyageurs, aux expatri\u00e9s, aux \u00e9tudiants et aux touristes m\u00e9dicaux. <\/p><h3><em>Notre mission est de transformer et de simplifier l\u2019acc\u00e8s aux soins de sant\u00e9 dans le monde entier.<\/em><\/h3>\t\t\t\t\t\t\t\t<\/div>\n\t\t\t\t<\/div>\n\t\t\t\t<div class=\"elementor-element elementor-element-7120339 elementor-widget-divider--view-line elementor-widget elementor-widget-divider\" data-id=\"7120339\" data-element_type=\"widget\" data-e-type=\"widget\" data-widget_type=\"divider.default\">\n\t\t\t\t<div class=\"elementor-widget-container\">\n\t\t\t\t\t\t\t<div class=\"elementor-divider\">\n\t\t\t<span class=\"elementor-divider-separator\">\n\t\t\t\t\t\t<\/span>\n\t\t<\/div>\n\t\t\t\t\t\t<\/div>\n\t\t\t\t<\/div>\n\t\t\t\t<div class=\"elementor-element elementor-element-b75b459 elementor-widget elementor-widget-text-editor\" data-id=\"b75b459\" data-element_type=\"widget\" data-e-type=\"widget\" data-widget_type=\"text-editor.default\">\n\t\t\t\t<div class=\"elementor-widget-container\">\n\t\t\t\t\t\t\t\t\t<h2>Solutions et march\u00e9s servis par Global Excel<\/h2><p>Global Excel fournit des solutions m\u00e9dicales et non m\u00e9dicales aux expatri\u00e9s, au personnel mobile, aux voyageurs de loisir, aux \u00e9tudiants internationaux et aux touristes m\u00e9dicaux.<\/p><p>Nos solutions visent \u00e0 simplifier l\u2019acc\u00e8s aux soins de qualit\u00e9, \u00e0 r\u00e9duire le co\u00fbt des soins et \u00e0 soutenir les membres et les familles dans leurs d\u00e9placements.<\/p><p>La fa\u00e7on dont nous travaillons avec les assureurs ou les agents change en fonction des segments de march\u00e9, des r\u00e9gions du monde et des besoins. Notre objectif commun est de fournir aux membres, les solutions et le soutien n\u00e9cessaires pour obtenir les soins de sant\u00e9 de qualit\u00e9 dont ils ont besoin, de la mani\u00e8re la plus accommodante possible. <\/p>\t\t\t\t\t\t\t\t<\/div>\n\t\t\t\t<\/div>\n\t\t\t\t\t<\/div>\n\t\t\t\t<\/div>\n\t\t\t\t<\/div>\n\t\t","protected":false},"excerpt":{"rendered":"<p>Mieux conna\u00eetre Global Excel Qui est Global Excel ? Global Excel est une soci\u00e9t\u00e9 d\u2019administration et de gestion des risques en termes de soins de sant\u00e9. Nous sommes pr\u00e9sents dans plusieurs r\u00e9gions \u00e0 travers le monde et nous travaillons en partenariat avec de nombreux assureurs et agents internationaux pour soutenir et administrer les produits d\u2019assurance [&hellip;]<\/p>\n","protected":false},"author":2,"featured_media":0,"parent":0,"menu_order":0,"comment_status":"closed","ping_status":"closed","template":"","meta":{"inline_featured_image":false,"footnotes":""},"class_list":["post-2062","page","type-page","status-publish","hentry"],"_links":{"self":[{"href":"https:\/\/foyerglobalhealth.globalexcel.com\/fr\/wp-json\/wp\/v2\/pages\/2062","targetHints":{"allow":["GET"]}}],"collection":[{"href":"https:\/\/foyerglobalhealth.globalexcel.com\/fr\/wp-json\/wp\/v2\/pages"}],"about":[{"href":"https:\/\/foyerglobalhealth.globalexcel.com\/fr\/wp-json\/wp\/v2\/types\/page"}],"author":[{"embeddable":true,"href":"https:\/\/foyerglobalhealth.globalexcel.com\/fr\/wp-json\/wp\/v2\/users\/2"}],"replies":[{"embeddable":true,"href":"https:\/\/foyerglobalhealth.globalexcel.com\/fr\/wp-json\/wp\/v2\/comments?post=2062"}],"version-history":[{"count":14,"href":"https:\/\/foyerglobalhealth.globalexcel.com\/fr\/wp-json\/wp\/v2\/pages\/2062\/revisions"}],"predecessor-version":[{"id":3405,"href":"https:\/\/foyerglobalhealth.globalexcel.com\/fr\/wp-json\/wp\/v2\/pages\/2062\/revisions\/3405"}],"wp:attachment":[{"href":"https:\/\/foyerglobalhealth.globalexcel.com\/fr\/wp-json\/wp\/v2\/media?parent=2062"}],"curies":[{"name":"wp","href":"https:\/\/api.w.org\/{rel}","templated":true}]}}