{"id":2049,"date":"2023-03-21T14:21:41","date_gmt":"2023-03-21T18:21:41","guid":{"rendered":"https:\/\/demorc.globalexcel.com\/trouver-un-dentiste\/"},"modified":"2026-05-07T16:40:56","modified_gmt":"2026-05-07T20:40:56","slug":"trouver-un-dentiste","status":"publish","type":"page","link":"https:\/\/foyerglobalhealth.globalexcel.com\/fr\/trouver-un-dentiste\/","title":{"rendered":"Trouver un dentiste"},"content":{"rendered":"\t\t<div data-elementor-type=\"wp-page\" data-elementor-id=\"2049\" class=\"elementor elementor-2049 elementor-1540\" data-elementor-post-type=\"page\">\n\t\t\t\t<div class=\"elementor-element elementor-element-65a3a47 e-flex e-con-boxed e-con e-parent\" data-id=\"65a3a47\" data-element_type=\"container\" data-e-type=\"container\" data-settings=\"{&quot;background_background&quot;:&quot;classic&quot;}\">\n\t\t\t\t\t<div class=\"e-con-inner\">\n\t\t\t\t<div class=\"elementor-element elementor-element-74d447a elementor-widget elementor-widget-heading\" data-id=\"74d447a\" data-element_type=\"widget\" data-e-type=\"widget\" data-widget_type=\"heading.default\">\n\t\t\t\t<div class=\"elementor-widget-container\">\n\t\t\t\t\t<h1 class=\"elementor-heading-title elementor-size-default\">Trouver un dentiste<\/h1>\t\t\t\t<\/div>\n\t\t\t\t<\/div>\n\t\t\t\t\t<\/div>\n\t\t\t\t<\/div>\n\t\t<div class=\"elementor-element elementor-element-da69158 e-flex e-con-boxed e-con e-parent\" data-id=\"da69158\" data-element_type=\"container\" data-e-type=\"container\">\n\t\t\t\t\t<div class=\"e-con-inner\">\n\t\t\t\t<div class=\"elementor-element elementor-element-16dee9f elementor-widget elementor-widget-heading\" data-id=\"16dee9f\" data-element_type=\"widget\" data-e-type=\"widget\" data-widget_type=\"heading.default\">\n\t\t\t\t<div class=\"elementor-widget-container\">\n\t\t\t\t\t<h2 class=\"elementor-heading-title elementor-size-default\"><strong>Global Excel<\/strong> et <strong>Dentemax<\/strong> se sont associ\u00e9s pour offrir l'un des plus grands r\u00e9seaux dentaires nationaux disponibles, garantissant une qualit\u00e9 \u00e9lev\u00e9e et des prix \u00e9quitables.<\/h2>\t\t\t\t<\/div>\n\t\t\t\t<\/div>\n\t\t<div class=\"elementor-element elementor-element-3689a63 e-con-full e-flex e-con e-child\" data-id=\"3689a63\" data-element_type=\"container\" data-e-type=\"container\">\n\t\t\t\t<div class=\"elementor-element elementor-element-f4e7dcd elementor-widget__width-initial elementor-widget elementor-widget-heading\" data-id=\"f4e7dcd\" data-element_type=\"widget\" data-e-type=\"widget\" data-widget_type=\"heading.default\">\n\t\t\t\t<div class=\"elementor-widget-container\">\n\t\t\t\t\t<p class=\"elementor-heading-title elementor-size-default\">Tous les dentistes DenteMax acceptent de facturer aux membres 20% \u00e0 40% de moins que les frais habituels. Mais la valeur ne s'arr\u00eate pas aux \u00e9conomies - le r\u00e9seau DenteMax offre un acc\u00e8s in\u00e9gal\u00e9 \u00e0 des dentistes de qualit\u00e9. <\/p>\t\t\t\t<\/div>\n\t\t\t\t<\/div>\n\t\t\t\t<div class=\"elementor-element elementor-element-a2dfe57 elementor-widget elementor-widget-button\" data-id=\"a2dfe57\" data-element_type=\"widget\" data-e-type=\"widget\" data-widget_type=\"button.default\">\n\t\t\t\t<div class=\"elementor-widget-container\">\n\t\t\t\t\t\t\t\t\t<div class=\"elementor-button-wrapper\">\n\t\t\t\t\t<a class=\"elementor-button elementor-button-link elementor-size-xl\" href=\"https:\/\/www.dentemax.com\/find-a-dentist-new\" target=\"_blank\">\n\t\t\t\t\t\t<span class=\"elementor-button-content-wrapper\">\n\t\t\t\t\t\t<span class=\"elementor-button-icon\">\n\t\t\t\t<i aria-hidden=\"true\" class=\"fas fa-arrow-right\"><\/i>\t\t\t<\/span>\n\t\t\t\t\t\t\t\t\t<span class=\"elementor-button-text\">Trouvez un dentiste maintenant<\/span>\n\t\t\t\t\t<\/span>\n\t\t\t\t\t<\/a>\n\t\t\t\t<\/div>\n\t\t\t\t\t\t\t\t<\/div>\n\t\t\t\t<\/div>\n\t\t\t\t<\/div>\n\t\t\t\t<div class=\"elementor-element elementor-element-1501a1f elementor-widget-divider--view-line elementor-widget elementor-widget-divider\" data-id=\"1501a1f\" data-element_type=\"widget\" data-e-type=\"widget\" data-widget_type=\"divider.default\">\n\t\t\t\t<div class=\"elementor-widget-container\">\n\t\t\t\t\t\t\t<div class=\"elementor-divider\">\n\t\t\t<span class=\"elementor-divider-separator\">\n\t\t\t\t\t\t<\/span>\n\t\t<\/div>\n\t\t\t\t\t\t<\/div>\n\t\t\t\t<\/div>\n\t\t\t\t<div class=\"elementor-element elementor-element-aa20d4a elementor-widget elementor-widget-heading\" data-id=\"aa20d4a\" data-element_type=\"widget\" data-e-type=\"widget\" data-widget_type=\"heading.default\">\n\t\t\t\t<div class=\"elementor-widget-container\">\n\t\t\t\t\t<h2 class=\"elementor-heading-title elementor-size-default\">Avantages de rester dans le r\u00e9seau<\/h2>\t\t\t\t<\/div>\n\t\t\t\t<\/div>\n\t\t\t\t<div class=\"elementor-element elementor-element-365d676 elementor-widget elementor-widget-text-editor\" data-id=\"365d676\" data-element_type=\"widget\" data-e-type=\"widget\" data-widget_type=\"text-editor.default\">\n\t\t\t\t<div class=\"elementor-widget-container\">\n\t\t\t\t\t\t\t\t\t<p>L\u2019acc\u00e8s \u00e0 des soins de qualit\u00e9 au meilleur prix est l\u2019objectif principal de Global Excel. Aux \u00c9tats-Unis, les m\u00e9decins et les h\u00f4pitaux sont g\u00e9n\u00e9ralement affili\u00e9s \u00e0 un r\u00e9seau particulier, qui est expliqu\u00e9 plus en d\u00e9tail sur notre page \u00ab En savoir plus sur le syst\u00e8me de soins de sant\u00e9 local \u00bb. Aux \u00c9tats-Unis, de nombreux dentistes sont affili\u00e9s \u00e0 un r\u00e9seau particulier, qui est expliqu\u00e9 plus en d\u00e9tail dans notre page <a href=\"https:\/\/foyerglobalhealth.globalexcel.com\/fr\/se-familiariser-avec-le-systeme-de-soins-de-sante-local\/\">Se familiariser avec le syst\u00e8me de sant\u00e9 local<\/a>. <\/p><p>La visite d\u2019un fournisseur \u00ab du r\u00e9seau \u00bb vous est b\u00e9n\u00e9fique, car le fournisseur n\u2019exige g\u00e9n\u00e9ralement pas de paiement (sauf s\u2019il y a un co-paiement ou une franchise), et le prix et la qualit\u00e9 ont d\u00e9j\u00e0 \u00e9t\u00e9 v\u00e9rifi\u00e9s.<\/p>\t\t\t\t\t\t\t\t<\/div>\n\t\t\t\t<\/div>\n\t\t<div class=\"elementor-element elementor-element-758fce1 e-flex e-con-boxed e-con e-child\" data-id=\"758fce1\" data-element_type=\"container\" data-e-type=\"container\">\n\t\t\t\t\t<div class=\"e-con-inner\">\n\t\t<div class=\"elementor-element elementor-element-afffe59 e-con-full e-flex e-con e-child\" data-id=\"afffe59\" data-element_type=\"container\" data-e-type=\"container\" data-settings=\"{&quot;background_background&quot;:&quot;classic&quot;}\">\n\t\t\t\t<div class=\"elementor-element elementor-element-ac780e9 elementor-widget elementor-widget-text-editor\" data-id=\"ac780e9\" data-element_type=\"widget\" data-e-type=\"widget\" data-widget_type=\"text-editor.default\">\n\t\t\t\t<div class=\"elementor-widget-container\">\n\t\t\t\t\t\t\t\t\t<h3>aux \u00c9tats-Unis<\/h3><p>DenteMax, l&rsquo;un des plus grands r\u00e9seaux dentaires nationaux, propose :<\/p><ul><li>Acc\u00e8s \u00e0 plus de 270 000 points d&rsquo;acc\u00e8s dentaires \u00e0 travers le pays<\/li><li>Pas de tracas de paperasse &#8211; Si jamais vous choisissez de voir un autre dentiste, il n&rsquo;y a pas de paperasse \u00e0 remplir ni de p\u00e9riode d&rsquo;attente<\/li><\/ul>\t\t\t\t\t\t\t\t<\/div>\n\t\t\t\t<\/div>\n\t\t\t\t<\/div>\n\t\t<div class=\"elementor-element elementor-element-b75835a e-con-full e-flex e-con e-child\" data-id=\"b75835a\" data-element_type=\"container\" data-e-type=\"container\" data-settings=\"{&quot;background_background&quot;:&quot;classic&quot;}\">\n\t\t\t\t<div class=\"elementor-element elementor-element-0b1b821 elementor-widget elementor-widget-text-editor\" data-id=\"0b1b821\" data-element_type=\"widget\" data-e-type=\"widget\" data-widget_type=\"text-editor.default\">\n\t\t\t\t<div class=\"elementor-widget-container\">\n\t\t\t\t\t\t\t\t\t<h3>Qualit\u00e9<\/h3><p>La politique d&rsquo;accr\u00e9ditation stricte de DenteMax vous offre la tranquillit\u00e9 d&rsquo;esprit lorsque vous choisissez un dentiste. DenteMax accr\u00e9dite tous les dentistes du r\u00e9seau en examinant r\u00e9guli\u00e8rement les cabinets pour s&rsquo;assurer qu&rsquo;ils r\u00e9pondent \u00e0 des normes de haute qualit\u00e9. <\/p>\t\t\t\t\t\t\t\t<\/div>\n\t\t\t\t<\/div>\n\t\t\t\t<\/div>\n\t\t<div class=\"elementor-element elementor-element-0013beb e-con-full e-flex e-con e-child\" data-id=\"0013beb\" data-element_type=\"container\" data-e-type=\"container\" data-settings=\"{&quot;background_background&quot;:&quot;classic&quot;}\">\n\t\t\t\t<div class=\"elementor-element elementor-element-efb18ff elementor-widget elementor-widget-text-editor\" data-id=\"efb18ff\" data-element_type=\"widget\" data-e-type=\"widget\" data-widget_type=\"text-editor.default\">\n\t\t\t\t<div class=\"elementor-widget-container\">\n\t\t\t\t\t\t\t\t\t<h3>\u00c9conomies<\/h3><p>DenteMax offre aux membres :<\/p><ul><li>\u00c9conomies de 20 % \u00e0 40 % sur les frais dentaires standard chaque fois que vous consultez un dentiste DenteMax<\/li><li>R\u00e9duction des frais dentaires remboursables<\/li><li>Possibilit\u00e9 d&rsquo;\u00e9tirer votre maximum annuel<\/li><li>Remises du r\u00e9seau sur les services m\u00eame apr\u00e8s que votre maximum annuel est atteint ou sur les services qui ne sont pas couverts<\/li><\/ul>\t\t\t\t\t\t\t\t<\/div>\n\t\t\t\t<\/div>\n\t\t\t\t<\/div>\n\t\t\t\t\t<\/div>\n\t\t\t\t<\/div>\n\t\t\t\t\t<\/div>\n\t\t\t\t<\/div>\n\t\t<div class=\"elementor-element elementor-element-dfde001 e-flex e-con-boxed e-con e-parent\" data-id=\"dfde001\" data-element_type=\"container\" data-e-type=\"container\" data-settings=\"{&quot;background_background&quot;:&quot;classic&quot;}\">\n\t\t\t\t\t<div class=\"e-con-inner\">\n\t\t\t\t<div class=\"elementor-element elementor-element-f0a54d4 elementor-widget elementor-widget-button\" data-id=\"f0a54d4\" data-element_type=\"widget\" data-e-type=\"widget\" data-widget_type=\"button.default\">\n\t\t\t\t<div class=\"elementor-widget-container\">\n\t\t\t\t\t\t\t\t\t<div class=\"elementor-button-wrapper\">\n\t\t\t\t\t<a class=\"elementor-button elementor-button-link elementor-size-xl\" href=\"https:\/\/www.dentemax.com\/find-a-dentist-new\" target=\"_blank\">\n\t\t\t\t\t\t<span class=\"elementor-button-content-wrapper\">\n\t\t\t\t\t\t<span class=\"elementor-button-icon\">\n\t\t\t\t<i aria-hidden=\"true\" class=\"fas fa-arrow-right\"><\/i>\t\t\t<\/span>\n\t\t\t\t\t\t\t\t\t<span class=\"elementor-button-text\">Trouvez un dentiste maintenant<\/span>\n\t\t\t\t\t<\/span>\n\t\t\t\t\t<\/a>\n\t\t\t\t<\/div>\n\t\t\t\t\t\t\t\t<\/div>\n\t\t\t\t<\/div>\n\t\t\t\t<div class=\"elementor-element elementor-element-829a8c8 elementor-widget elementor-widget-button\" data-id=\"829a8c8\" data-element_type=\"widget\" data-e-type=\"widget\" data-widget_type=\"button.default\">\n\t\t\t\t<div class=\"elementor-widget-container\">\n\t\t\t\t\t\t\t\t\t<div class=\"elementor-button-wrapper\">\n\t\t\t\t\t<a class=\"elementor-button elementor-button-link elementor-size-xl\" href=\"https:\/\/foyerglobalhealth.globalexcel.com\/fr\/se-familiariser-avec-le-systeme-de-soins-de-sante-local\/\">\n\t\t\t\t\t\t<span class=\"elementor-button-content-wrapper\">\n\t\t\t\t\t\t<span class=\"elementor-button-icon\">\n\t\t\t\t<i aria-hidden=\"true\" class=\"fas fa-arrow-right\"><\/i>\t\t\t<\/span>\n\t\t\t\t\t\t\t\t\t<span class=\"elementor-button-text\">Se familiariser avec le syst\u00e8me de soins de sant\u00e9 local<\/span>\n\t\t\t\t\t<\/span>\n\t\t\t\t\t<\/a>\n\t\t\t\t<\/div>\n\t\t\t\t\t\t\t\t<\/div>\n\t\t\t\t<\/div>\n\t\t\t\t\t<\/div>\n\t\t\t\t<\/div>\n\t\t\t\t<\/div>\n\t\t","protected":false},"excerpt":{"rendered":"<p>Trouver un dentiste Global Excel et Dentemax se sont associ\u00e9s pour offrir l&rsquo;un des plus grands r\u00e9seaux dentaires nationaux disponibles, garantissant une qualit\u00e9 \u00e9lev\u00e9e et des prix \u00e9quitables. Tous les dentistes DenteMax acceptent de facturer aux membres 20% \u00e0 40% de moins que les frais habituels. Mais la valeur ne s&rsquo;arr\u00eate pas aux \u00e9conomies &#8211; [&hellip;]<\/p>\n","protected":false},"author":2,"featured_media":0,"parent":0,"menu_order":0,"comment_status":"closed","ping_status":"closed","template":"","meta":{"inline_featured_image":false,"footnotes":""},"class_list":["post-2049","page","type-page","status-publish","hentry"],"_links":{"self":[{"href":"https:\/\/foyerglobalhealth.globalexcel.com\/fr\/wp-json\/wp\/v2\/pages\/2049","targetHints":{"allow":["GET"]}}],"collection":[{"href":"https:\/\/foyerglobalhealth.globalexcel.com\/fr\/wp-json\/wp\/v2\/pages"}],"about":[{"href":"https:\/\/foyerglobalhealth.globalexcel.com\/fr\/wp-json\/wp\/v2\/types\/page"}],"author":[{"embeddable":true,"href":"https:\/\/foyerglobalhealth.globalexcel.com\/fr\/wp-json\/wp\/v2\/users\/2"}],"replies":[{"embeddable":true,"href":"https:\/\/foyerglobalhealth.globalexcel.com\/fr\/wp-json\/wp\/v2\/comments?post=2049"}],"version-history":[{"count":12,"href":"https:\/\/foyerglobalhealth.globalexcel.com\/fr\/wp-json\/wp\/v2\/pages\/2049\/revisions"}],"predecessor-version":[{"id":3609,"href":"https:\/\/foyerglobalhealth.globalexcel.com\/fr\/wp-json\/wp\/v2\/pages\/2049\/revisions\/3609"}],"wp:attachment":[{"href":"https:\/\/foyerglobalhealth.globalexcel.com\/fr\/wp-json\/wp\/v2\/media?parent=2049"}],"curies":[{"name":"wp","href":"https:\/\/api.w.org\/{rel}","templated":true}]}}