{"id":2045,"date":"2023-03-21T14:14:25","date_gmt":"2023-03-21T18:14:25","guid":{"rendered":"https:\/\/demorc.globalexcel.com\/trouver-un-prestataire-medical-participant\/"},"modified":"2026-01-12T13:18:46","modified_gmt":"2026-01-12T18:18:46","slug":"trouver-un-prestataire-medical-participant","status":"publish","type":"page","link":"https:\/\/foyerglobalhealth.globalexcel.com\/fr\/trouver-un-prestataire-medical-participant\/","title":{"rendered":"Trouver un prestataire m\u00e9dical participant"},"content":{"rendered":"\t\t<div data-elementor-type=\"wp-page\" data-elementor-id=\"2045\" class=\"elementor elementor-2045 elementor-1524\" data-elementor-post-type=\"page\">\n\t\t\t\t<div class=\"elementor-element elementor-element-65a3a47 e-flex e-con-boxed e-con e-parent\" data-id=\"65a3a47\" data-element_type=\"container\" data-e-type=\"container\" data-settings=\"{&quot;background_background&quot;:&quot;classic&quot;}\">\n\t\t\t\t\t<div class=\"e-con-inner\">\n\t\t\t\t<div class=\"elementor-element elementor-element-a40a6d7 elementor-widget elementor-widget-heading\" data-id=\"a40a6d7\" data-element_type=\"widget\" data-e-type=\"widget\" data-widget_type=\"heading.default\">\n\t\t\t\t<div class=\"elementor-widget-container\">\n\t\t\t\t\t<h1 class=\"elementor-heading-title elementor-size-default\">Trouver un prestataire m\u00e9dical participant<\/h1>\t\t\t\t<\/div>\n\t\t\t\t<\/div>\n\t\t\t\t\t<\/div>\n\t\t\t\t<\/div>\n\t\t<div class=\"elementor-element elementor-element-da69158 e-flex e-con-boxed e-con e-parent\" data-id=\"da69158\" data-element_type=\"container\" data-e-type=\"container\">\n\t\t\t\t\t<div class=\"e-con-inner\">\n\t\t\t\t<div class=\"elementor-element elementor-element-16dee9f elementor-widget elementor-widget-heading\" data-id=\"16dee9f\" data-element_type=\"widget\" data-e-type=\"widget\" data-widget_type=\"heading.default\">\n\t\t\t\t<div class=\"elementor-widget-container\">\n\t\t\t\t\t<h2 class=\"elementor-heading-title elementor-size-default\"><strong>Global Excel<\/strong> a conclu des partenariats avec des r\u00e9seaux de fournisseurs nationaux, ce qui garantit aux membres un acc\u00e8s facilit\u00e9 \u00e0 des soins de haute qualit\u00e9 \u00e0 un co\u00fbt raisonnable.<\/h2>\t\t\t\t<\/div>\n\t\t\t\t<\/div>\n\t\t\t\t<div class=\"elementor-element elementor-element-a21c310 elementor-widget elementor-widget-button\" data-id=\"a21c310\" data-element_type=\"widget\" data-e-type=\"widget\" data-widget_type=\"button.default\">\n\t\t\t\t<div class=\"elementor-widget-container\">\n\t\t\t\t\t\t\t\t\t<div class=\"elementor-button-wrapper\">\n\t\t\t\t\t<a class=\"elementor-button elementor-button-link elementor-size-xl\" href=\"https:\/\/www.aetna.com\/dsepublic\/#\/contentPage?page=providerSearchLanding&#038;site_id=passport\" target=\"_blank\">\n\t\t\t\t\t\t<span class=\"elementor-button-content-wrapper\">\n\t\t\t\t\t\t<span class=\"elementor-button-icon\">\n\t\t\t\t<i aria-hidden=\"true\" class=\"fas fa-arrow-right\"><\/i>\t\t\t<\/span>\n\t\t\t\t\t\t\t\t\t<span class=\"elementor-button-text\">Trouver un fournisseur<\/span>\n\t\t\t\t\t<\/span>\n\t\t\t\t\t<\/a>\n\t\t\t\t<\/div>\n\t\t\t\t\t\t\t\t<\/div>\n\t\t\t\t<\/div>\n\t\t\t\t<div class=\"elementor-element elementor-element-1501a1f elementor-widget-divider--view-line elementor-widget elementor-widget-divider\" data-id=\"1501a1f\" data-element_type=\"widget\" data-e-type=\"widget\" data-widget_type=\"divider.default\">\n\t\t\t\t<div class=\"elementor-widget-container\">\n\t\t\t\t\t\t\t<div class=\"elementor-divider\">\n\t\t\t<span class=\"elementor-divider-separator\">\n\t\t\t\t\t\t<\/span>\n\t\t<\/div>\n\t\t\t\t\t\t<\/div>\n\t\t\t\t<\/div>\n\t\t\t\t<div class=\"elementor-element elementor-element-aa20d4a elementor-widget elementor-widget-heading\" data-id=\"aa20d4a\" data-element_type=\"widget\" data-e-type=\"widget\" data-widget_type=\"heading.default\">\n\t\t\t\t<div class=\"elementor-widget-container\">\n\t\t\t\t\t<h2 class=\"elementor-heading-title elementor-size-default\">Avantages de rester dans le r\u00e9seau<\/h2>\t\t\t\t<\/div>\n\t\t\t\t<\/div>\n\t\t\t\t<div class=\"elementor-element elementor-element-365d676 elementor-widget elementor-widget-text-editor\" data-id=\"365d676\" data-element_type=\"widget\" data-e-type=\"widget\" data-widget_type=\"text-editor.default\">\n\t\t\t\t<div class=\"elementor-widget-container\">\n\t\t\t\t\t\t\t\t\t<p>L&rsquo;objectif premier de Global Excel est de fournir un acc\u00e8s \u00e0 des soins rentables et de qualit\u00e9. Aux \u00c9tats-Unis, les m\u00e9decins et les h\u00f4pitaux sont g\u00e9n\u00e9ralement affili\u00e9s \u00e0 un r\u00e9seau particulier, qui est expliqu\u00e9 plus en d\u00e9tail dans notre <a href=\"https:\/\/foyerglobalhealth.globalexcel.com\/fr\/se-familiariser-avec-le-systeme-de-soins-de-sante-local\/\">page Apprendre \u00e0 conna\u00eetre mon syst\u00e8me de sant\u00e9 local.<\/a> <\/p><p>La visite d\u2019un fournisseur \u00ab du r\u00e9seau \u00bb vous est b\u00e9n\u00e9fique, car le fournisseur n\u2019exige g\u00e9n\u00e9ralement pas de paiement (sauf s\u2019il y a un co-paiement ou une franchise), et le prix et la qualit\u00e9 ont d\u00e9j\u00e0 \u00e9t\u00e9 v\u00e9rifi\u00e9s.<\/p><p><strong style=\"text-align: var(--text-align); font-size: 1em;\">Le r\u00e9seau Global Excel vous offre un acc\u00e8s \u00e0 l\u2019\u00e9chelle nationale \u00e0:<\/strong><\/p><ul><li>Plus de 690 000 m\u00e9decins et sp\u00e9cialistes des soins primaires<\/li><li>Plus de 5 700 h\u00f4pitaux<\/li><\/ul>\t\t\t\t\t\t\t\t<\/div>\n\t\t\t\t<\/div>\n\t\t\t\t<div class=\"elementor-element elementor-element-1c0d6e1 elementor-widget-divider--view-line elementor-widget elementor-widget-divider\" data-id=\"1c0d6e1\" data-element_type=\"widget\" data-e-type=\"widget\" data-widget_type=\"divider.default\">\n\t\t\t\t<div class=\"elementor-widget-container\">\n\t\t\t\t\t\t\t<div class=\"elementor-divider\">\n\t\t\t<span class=\"elementor-divider-separator\">\n\t\t\t\t\t\t<\/span>\n\t\t<\/div>\n\t\t\t\t\t\t<\/div>\n\t\t\t\t<\/div>\n\t\t\t\t<div class=\"elementor-element elementor-element-a5cdff0 elementor-widget elementor-widget-heading\" data-id=\"a5cdff0\" data-element_type=\"widget\" data-e-type=\"widget\" data-widget_type=\"heading.default\">\n\t\t\t\t<div class=\"elementor-widget-container\">\n\t\t\t\t\t<h2 class=\"elementor-heading-title elementor-size-default\">Trouver un fournisseur<\/h2>\t\t\t\t<\/div>\n\t\t\t\t<\/div>\n\t\t\t\t<div class=\"elementor-element elementor-element-2ced8e5 elementor-widget elementor-widget-text-editor\" data-id=\"2ced8e5\" data-element_type=\"widget\" data-e-type=\"widget\" data-widget_type=\"text-editor.default\">\n\t\t\t\t<div class=\"elementor-widget-container\">\n\t\t\t\t\t\t\t\t\t<p>Pour trouver le m\u00e9decin, le sp\u00e9cialiste ou l\u2019h\u00f4pital qui r\u00e9pond le mieux \u00e0 vos besoins, veuillez <a href=\"https:\/\/www.aetna.com\/dsepublic\/#\/contentPage?page=providerSearchLanding&amp;site_id=passport\" target=\"_blank\" rel=\"noopener\">cliquer ici<\/a> et contacter directement un prestataire.<\/p><ul><li>Lorsque vous prenez rendez-vous, informez le prestataire que votre assurance est couverte par le r\u00e9seau PPO identifi\u00e9 sur votre carte personnalis\u00e9e de prestations<\/li><li>Si le fournisseur veut v\u00e9rifier l&rsquo;admissibilit\u00e9, il doit appeler Global Excel au 1-833-243-0061.<\/li><li>Apportez votre carte personnalis\u00e9e de prestations le jour de votre visite.<\/li><li>Les soins couverts par votre assurance seront directement pay\u00e9s au prestataire. Il se peut qu\u2019il vous reste une partie \u00e0 payer selon le niveau de couverture. <\/li><\/ul>\t\t\t\t\t\t\t\t<\/div>\n\t\t\t\t<\/div>\n\t\t\t\t\t<\/div>\n\t\t\t\t<\/div>\n\t\t<div class=\"elementor-element elementor-element-dfde001 e-flex e-con-boxed e-con e-parent\" data-id=\"dfde001\" data-element_type=\"container\" data-e-type=\"container\" data-settings=\"{&quot;background_background&quot;:&quot;classic&quot;}\">\n\t\t\t\t\t<div class=\"e-con-inner\">\n\t\t\t\t<div class=\"elementor-element elementor-element-f99e2b2 elementor-widget elementor-widget-button\" data-id=\"f99e2b2\" data-element_type=\"widget\" data-e-type=\"widget\" data-widget_type=\"button.default\">\n\t\t\t\t<div class=\"elementor-widget-container\">\n\t\t\t\t\t\t\t\t\t<div class=\"elementor-button-wrapper\">\n\t\t\t\t\t<a class=\"elementor-button elementor-button-link elementor-size-xl\" href=\"https:\/\/www.aetna.com\/dsepublic\/#\/contentPage?page=providerSearchLanding&#038;site_id=passport\" target=\"_blank\">\n\t\t\t\t\t\t<span class=\"elementor-button-content-wrapper\">\n\t\t\t\t\t\t<span class=\"elementor-button-icon\">\n\t\t\t\t<i aria-hidden=\"true\" class=\"fas fa-arrow-right\"><\/i>\t\t\t<\/span>\n\t\t\t\t\t\t\t\t\t<span class=\"elementor-button-text\">Trouver un fournisseur<\/span>\n\t\t\t\t\t<\/span>\n\t\t\t\t\t<\/a>\n\t\t\t\t<\/div>\n\t\t\t\t\t\t\t\t<\/div>\n\t\t\t\t<\/div>\n\t\t\t\t\t<\/div>\n\t\t\t\t<\/div>\n\t\t\t\t<\/div>\n\t\t","protected":false},"excerpt":{"rendered":"<p>Trouver un prestataire m\u00e9dical participant Global Excel a conclu des partenariats avec des r\u00e9seaux de fournisseurs nationaux, ce qui garantit aux membres un acc\u00e8s facilit\u00e9 \u00e0 des soins de haute qualit\u00e9 \u00e0 un co\u00fbt raisonnable. Trouver un fournisseur Avantages de rester dans le r\u00e9seau L&rsquo;objectif premier de Global Excel est de fournir un acc\u00e8s \u00e0 [&hellip;]<\/p>\n","protected":false},"author":2,"featured_media":0,"parent":0,"menu_order":0,"comment_status":"closed","ping_status":"closed","template":"","meta":{"inline_featured_image":false,"footnotes":""},"class_list":["post-2045","page","type-page","status-publish","hentry"],"_links":{"self":[{"href":"https:\/\/foyerglobalhealth.globalexcel.com\/fr\/wp-json\/wp\/v2\/pages\/2045","targetHints":{"allow":["GET"]}}],"collection":[{"href":"https:\/\/foyerglobalhealth.globalexcel.com\/fr\/wp-json\/wp\/v2\/pages"}],"about":[{"href":"https:\/\/foyerglobalhealth.globalexcel.com\/fr\/wp-json\/wp\/v2\/types\/page"}],"author":[{"embeddable":true,"href":"https:\/\/foyerglobalhealth.globalexcel.com\/fr\/wp-json\/wp\/v2\/users\/2"}],"replies":[{"embeddable":true,"href":"https:\/\/foyerglobalhealth.globalexcel.com\/fr\/wp-json\/wp\/v2\/comments?post=2045"}],"version-history":[{"count":11,"href":"https:\/\/foyerglobalhealth.globalexcel.com\/fr\/wp-json\/wp\/v2\/pages\/2045\/revisions"}],"predecessor-version":[{"id":3412,"href":"https:\/\/foyerglobalhealth.globalexcel.com\/fr\/wp-json\/wp\/v2\/pages\/2045\/revisions\/3412"}],"wp:attachment":[{"href":"https:\/\/foyerglobalhealth.globalexcel.com\/fr\/wp-json\/wp\/v2\/media?parent=2045"}],"curies":[{"name":"wp","href":"https:\/\/api.w.org\/{rel}","templated":true}]}}