{"id":2036,"date":"2023-03-21T14:03:44","date_gmt":"2023-03-21T18:03:44","guid":{"rendered":"https:\/\/demorc.globalexcel.com\/demande-de-remboursement\/"},"modified":"2026-01-15T09:17:00","modified_gmt":"2026-01-15T14:17:00","slug":"demande-de-remboursement","status":"publish","type":"page","link":"https:\/\/foyerglobalhealth.globalexcel.com\/fr\/demande-de-remboursement\/","title":{"rendered":"Demande de remboursement"},"content":{"rendered":"\t\t<div data-elementor-type=\"wp-page\" data-elementor-id=\"2036\" class=\"elementor elementor-2036 elementor-1816\" data-elementor-post-type=\"page\">\n\t\t\t\t<div class=\"elementor-element elementor-element-65a3a47 e-flex e-con-boxed e-con e-parent\" data-id=\"65a3a47\" data-element_type=\"container\" data-e-type=\"container\" data-settings=\"{&quot;background_background&quot;:&quot;classic&quot;}\">\n\t\t\t\t\t<div class=\"e-con-inner\">\n\t\t\t\t<div class=\"elementor-element elementor-element-74d447a elementor-widget elementor-widget-heading\" data-id=\"74d447a\" data-element_type=\"widget\" data-e-type=\"widget\" data-widget_type=\"heading.default\">\n\t\t\t\t<div class=\"elementor-widget-container\">\n\t\t\t\t\t<h1 class=\"elementor-heading-title elementor-size-default\">Demande de remboursement<\/h1>\t\t\t\t<\/div>\n\t\t\t\t<\/div>\n\t\t\t\t\t<\/div>\n\t\t\t\t<\/div>\n\t\t<div class=\"elementor-element elementor-element-da69158 e-flex e-con-boxed e-con e-parent\" data-id=\"da69158\" data-element_type=\"container\" data-e-type=\"container\">\n\t\t\t\t\t<div class=\"e-con-inner\">\n\t\t\t\t<div class=\"elementor-element elementor-element-16dee9f elementor-widget elementor-widget-heading\" data-id=\"16dee9f\" data-element_type=\"widget\" data-e-type=\"widget\" data-widget_type=\"heading.default\">\n\t\t\t\t<div class=\"elementor-widget-container\">\n\t\t\t\t\t<h2 class=\"elementor-heading-title elementor-size-default\">Si vous avez d\u00fb payer pour un service m\u00e9dical aux \u00c9tats-Unis, vous devrez soumettre vos re\u00e7us et un scan de la facture originale du fournisseur pour remboursement \u00e0 : <br><a href=\"mailto:claims-service@foyerglobalhealth.com\">claims-service@foyerglobalhealth.com<\/a><\/h2>\t\t\t\t<\/div>\n\t\t\t\t<\/div>\n\t\t\t\t<div class=\"elementor-element elementor-element-980eafb elementor-widget elementor-widget-heading\" data-id=\"980eafb\" data-element_type=\"widget\" data-e-type=\"widget\" data-widget_type=\"heading.default\">\n\t\t\t\t<div class=\"elementor-widget-container\">\n\t\t\t\t\t<h2 class=\"elementor-heading-title elementor-size-default\">\u00c0 tout moment, n'h\u00e9sitez pas \u00e0 nous contacter pour obtenir de l'aide.<\/h2>\t\t\t\t<\/div>\n\t\t\t\t<\/div>\n\t\t<div class=\"elementor-element elementor-element-758fce1 e-flex e-con-boxed e-con e-child\" data-id=\"758fce1\" data-element_type=\"container\" data-e-type=\"container\">\n\t\t\t\t\t<div class=\"e-con-inner\">\n\t\t<div class=\"elementor-element elementor-element-afffe59 e-con-full e-flex e-con e-child\" data-id=\"afffe59\" data-element_type=\"container\" data-e-type=\"container\" data-settings=\"{&quot;background_background&quot;:&quot;classic&quot;}\">\n\t\t\t\t<div class=\"elementor-element elementor-element-ac780e9 elementor-widget elementor-widget-text-editor\" data-id=\"ac780e9\" data-element_type=\"widget\" data-e-type=\"widget\" data-widget_type=\"text-editor.default\">\n\t\t\t\t<div class=\"elementor-widget-container\">\n\t\t\t\t\t\t\t\t\t<p><strong>Global Excel Management Inc.<\/strong><\/p><p>P.O. Box 10<br \/>Beebe Plain, Vermont, USA<br \/>05823<\/p><p><a title=\"mailto:service@globalexcel.com\" href=\"mailto:service@globalexcel.com\"><span lang=\"EN-US\">service@globalexcel.com<\/span><\/a><\/p>\t\t\t\t\t\t\t\t<\/div>\n\t\t\t\t<\/div>\n\t\t\t\t<\/div>\n\t\t<div class=\"elementor-element elementor-element-7d90bd9 e-con-full e-flex e-con e-child\" data-id=\"7d90bd9\" data-element_type=\"container\" data-e-type=\"container\" data-settings=\"{&quot;background_background&quot;:&quot;classic&quot;}\">\n\t\t\t\t<div class=\"elementor-element elementor-element-5b2a27a elementor-widget elementor-widget-text-editor\" data-id=\"5b2a27a\" data-element_type=\"widget\" data-e-type=\"widget\" data-widget_type=\"text-editor.default\">\n\t\t\t\t<div class=\"elementor-widget-container\">\n\t\t\t\t\t\t\t\t\t<strong>Foyer Global Health<\/strong><br><a href=\"mailto:claims-service@foyerglobalhealth.com\">claims-service@foyerglobalhealth.com<\/a>\t\t\t\t\t\t\t\t<\/div>\n\t\t\t\t<\/div>\n\t\t\t\t<\/div>\n\t\t\t\t\t<\/div>\n\t\t\t\t<\/div>\n\t\t\t\t\t<\/div>\n\t\t\t\t<\/div>\n\t\t\t\t<\/div>\n\t\t","protected":false},"excerpt":{"rendered":"<p>Demande de remboursement Si vous avez d\u00fb payer pour un service m\u00e9dical aux \u00c9tats-Unis, vous devrez soumettre vos re\u00e7us et un scan de la facture originale du fournisseur pour remboursement \u00e0 : claims-service@foyerglobalhealth.com \u00c0 tout moment, n&rsquo;h\u00e9sitez pas \u00e0 nous contacter pour obtenir de l&rsquo;aide. Global Excel Management Inc. P.O. Box 10Beebe Plain, Vermont, USA05823 [&hellip;]<\/p>\n","protected":false},"author":2,"featured_media":0,"parent":0,"menu_order":0,"comment_status":"closed","ping_status":"closed","template":"","meta":{"inline_featured_image":false,"footnotes":""},"class_list":["post-2036","page","type-page","status-publish","hentry"],"_links":{"self":[{"href":"https:\/\/foyerglobalhealth.globalexcel.com\/fr\/wp-json\/wp\/v2\/pages\/2036","targetHints":{"allow":["GET"]}}],"collection":[{"href":"https:\/\/foyerglobalhealth.globalexcel.com\/fr\/wp-json\/wp\/v2\/pages"}],"about":[{"href":"https:\/\/foyerglobalhealth.globalexcel.com\/fr\/wp-json\/wp\/v2\/types\/page"}],"author":[{"embeddable":true,"href":"https:\/\/foyerglobalhealth.globalexcel.com\/fr\/wp-json\/wp\/v2\/users\/2"}],"replies":[{"embeddable":true,"href":"https:\/\/foyerglobalhealth.globalexcel.com\/fr\/wp-json\/wp\/v2\/comments?post=2036"}],"version-history":[{"count":13,"href":"https:\/\/foyerglobalhealth.globalexcel.com\/fr\/wp-json\/wp\/v2\/pages\/2036\/revisions"}],"predecessor-version":[{"id":3464,"href":"https:\/\/foyerglobalhealth.globalexcel.com\/fr\/wp-json\/wp\/v2\/pages\/2036\/revisions\/3464"}],"wp:attachment":[{"href":"https:\/\/foyerglobalhealth.globalexcel.com\/fr\/wp-json\/wp\/v2\/media?parent=2036"}],"curies":[{"name":"wp","href":"https:\/\/api.w.org\/{rel}","templated":true}]}}