{"id":2447,"date":"2023-03-22T08:43:02","date_gmt":"2023-03-22T12:43:02","guid":{"rendered":"https:\/\/demorc.globalexcel.com\/entender-mejor-a-global-excel\/"},"modified":"2023-05-16T13:19:05","modified_gmt":"2023-05-16T17:19:05","slug":"entender-mejor-a-global-excel","status":"publish","type":"page","link":"https:\/\/foyerglobalhealth.globalexcel.com\/es\/entender-mejor-a-global-excel\/","title":{"rendered":"Entender mejor a Global Excel"},"content":{"rendered":"\t\t<div data-elementor-type=\"wp-page\" data-elementor-id=\"2447\" class=\"elementor elementor-2447 elementor-1851\" data-elementor-post-type=\"page\">\n\t\t\t\t<div class=\"elementor-element elementor-element-65a3a47 e-flex e-con-boxed e-con e-parent\" data-id=\"65a3a47\" data-element_type=\"container\" data-e-type=\"container\" data-settings=\"{&quot;background_background&quot;:&quot;classic&quot;}\">\n\t\t\t\t\t<div class=\"e-con-inner\">\n\t\t\t\t<div class=\"elementor-element elementor-element-74d447a elementor-widget elementor-widget-heading\" data-id=\"74d447a\" data-element_type=\"widget\" data-e-type=\"widget\" data-widget_type=\"heading.default\">\n\t\t\t\t<div class=\"elementor-widget-container\">\n\t\t\t\t\t<h1 class=\"elementor-heading-title elementor-size-default\">Entender mejor a Global Excel<\/h1>\t\t\t\t<\/div>\n\t\t\t\t<\/div>\n\t\t\t\t\t<\/div>\n\t\t\t\t<\/div>\n\t\t<div class=\"elementor-element elementor-element-da69158 e-flex e-con-boxed e-con e-parent\" data-id=\"da69158\" data-element_type=\"container\" data-e-type=\"container\">\n\t\t\t\t\t<div class=\"e-con-inner\">\n\t\t\t\t<div class=\"elementor-element elementor-element-365d676 elementor-widget elementor-widget-text-editor\" data-id=\"365d676\" data-element_type=\"widget\" data-e-type=\"widget\" data-widget_type=\"text-editor.default\">\n\t\t\t\t<div class=\"elementor-widget-container\">\n\t\t\t\t\t\t\t\t\t<h2><strong>\u00bfQui\u00e9n es Global Excel?<\/strong><\/h2>\n<p>Global Excel es una empresa de gesti\u00f3n y administraci\u00f3n de riesgos sanitarios. Operamos en m\u00faltiples regiones de todo el mundo, y nos asociamos con muchas aseguradoras y agentes globales para apoyar y administrar productos de seguros para viajeros, expatriados, estudiantes y turistas m\u00e9dicos. <\/p>\n<h3><em>Nuestra misi\u00f3n es transformar y simplificar el acceso a la asistencia sanitaria en todo el mundo.<\/em><\/h3>\n\t\t\t\t\t\t\t\t<\/div>\n\t\t\t\t<\/div>\n\t\t\t\t<div class=\"elementor-element elementor-element-7120339 elementor-widget-divider--view-line elementor-widget elementor-widget-divider\" data-id=\"7120339\" data-element_type=\"widget\" data-e-type=\"widget\" data-widget_type=\"divider.default\">\n\t\t\t\t<div class=\"elementor-widget-container\">\n\t\t\t\t\t\t\t<div class=\"elementor-divider\">\n\t\t\t<span class=\"elementor-divider-separator\">\n\t\t\t\t\t\t<\/span>\n\t\t<\/div>\n\t\t\t\t\t\t<\/div>\n\t\t\t\t<\/div>\n\t\t\t\t<div class=\"elementor-element elementor-element-b75b459 elementor-widget elementor-widget-text-editor\" data-id=\"b75b459\" data-element_type=\"widget\" data-e-type=\"widget\" data-widget_type=\"text-editor.default\">\n\t\t\t\t<div class=\"elementor-widget-container\">\n\t\t\t\t\t\t\t\t\t<h2>Soluciones y mercados a los que sirve Global Excel<\/h2>\n<p>Global Excel ofrece soluciones m\u00e9dicas y no m\u00e9dicas a expatriados, trabajadores m\u00f3viles, viajeros de ocio, estudiantes internacionales y turistas m\u00e9dicos.<\/p>\n<p>Nuestras soluciones se centran en simplificar el acceso a una asistencia de calidad, en reducir el coste de la asistencia y en apoyar a los afiliados y a sus familias en sus viajes.<\/p>\n<p>La forma en la que trabajamos con las aseguradoras o los agentes cambia en funci\u00f3n de los segmentos de mercado, las regiones del mundo y las necesidades. Lo que compartimos es proporcionarle a usted, el afiliado, las soluciones y el apoyo para obtener la asistencia sanitaria de calidad que necesita de la forma m\u00e1s conveniente posible. <\/p>\n\t\t\t\t\t\t\t\t<\/div>\n\t\t\t\t<\/div>\n\t\t\t\t\t<\/div>\n\t\t\t\t<\/div>\n\t\t\t\t<\/div>\n\t\t","protected":false},"excerpt":{"rendered":"<p>Entender mejor a Global Excel \u00bfQui\u00e9n es Global Excel? Global Excel es una empresa de gesti\u00f3n y administraci\u00f3n de riesgos sanitarios. Operamos en m\u00faltiples regiones de todo el mundo, y nos asociamos con muchas aseguradoras y agentes globales para apoyar y administrar productos de seguros para viajeros, expatriados, estudiantes y turistas m\u00e9dicos. Nuestra misi\u00f3n es [&hellip;]<\/p>\n","protected":false},"author":2,"featured_media":0,"parent":0,"menu_order":0,"comment_status":"closed","ping_status":"closed","template":"","meta":{"inline_featured_image":false,"footnotes":""},"class_list":["post-2447","page","type-page","status-publish","hentry"],"_links":{"self":[{"href":"https:\/\/foyerglobalhealth.globalexcel.com\/es\/wp-json\/wp\/v2\/pages\/2447","targetHints":{"allow":["GET"]}}],"collection":[{"href":"https:\/\/foyerglobalhealth.globalexcel.com\/es\/wp-json\/wp\/v2\/pages"}],"about":[{"href":"https:\/\/foyerglobalhealth.globalexcel.com\/es\/wp-json\/wp\/v2\/types\/page"}],"author":[{"embeddable":true,"href":"https:\/\/foyerglobalhealth.globalexcel.com\/es\/wp-json\/wp\/v2\/users\/2"}],"replies":[{"embeddable":true,"href":"https:\/\/foyerglobalhealth.globalexcel.com\/es\/wp-json\/wp\/v2\/comments?post=2447"}],"version-history":[{"count":3,"href":"https:\/\/foyerglobalhealth.globalexcel.com\/es\/wp-json\/wp\/v2\/pages\/2447\/revisions"}],"predecessor-version":[{"id":2971,"href":"https:\/\/foyerglobalhealth.globalexcel.com\/es\/wp-json\/wp\/v2\/pages\/2447\/revisions\/2971"}],"wp:attachment":[{"href":"https:\/\/foyerglobalhealth.globalexcel.com\/es\/wp-json\/wp\/v2\/media?parent=2447"}],"curies":[{"name":"wp","href":"https:\/\/api.w.org\/{rel}","templated":true}]}}