{"id":2503,"date":"2023-03-22T14:24:33","date_gmt":"2023-03-22T18:24:33","guid":{"rendered":"https:\/\/demorc.globalexcel.com\/kontaktseite\/"},"modified":"2026-01-26T13:27:30","modified_gmt":"2026-01-26T18:27:30","slug":"kontaktseite","status":"publish","type":"page","link":"https:\/\/foyerglobalhealth.globalexcel.com\/de\/kontaktseite\/","title":{"rendered":"Kontaktseite"},"content":{"rendered":"\t\t<div data-elementor-type=\"wp-page\" data-elementor-id=\"2503\" class=\"elementor elementor-2503 elementor-1901\" data-elementor-post-type=\"page\">\n\t\t\t\t<div class=\"elementor-element elementor-element-65a3a47 e-flex e-con-boxed e-con e-parent\" data-id=\"65a3a47\" data-element_type=\"container\" data-e-type=\"container\" data-settings=\"{&quot;background_background&quot;:&quot;classic&quot;}\">\n\t\t\t\t\t<div class=\"e-con-inner\">\n\t\t\t\t<div class=\"elementor-element elementor-element-74d447a elementor-widget elementor-widget-heading\" data-id=\"74d447a\" data-element_type=\"widget\" data-e-type=\"widget\" data-widget_type=\"heading.default\">\n\t\t\t\t<div class=\"elementor-widget-container\">\n\t\t\t\t\t<h1 class=\"elementor-heading-title elementor-size-default\">Kontaktseite<\/h1>\t\t\t\t<\/div>\n\t\t\t\t<\/div>\n\t\t\t\t\t<\/div>\n\t\t\t\t<\/div>\n\t\t<div class=\"elementor-element elementor-element-da69158 e-flex e-con-boxed e-con e-parent\" data-id=\"da69158\" data-element_type=\"container\" data-e-type=\"container\">\n\t\t\t\t\t<div class=\"e-con-inner\">\n\t\t<div class=\"elementor-element elementor-element-3689a63 e-con-full e-flex e-con e-child\" data-id=\"3689a63\" data-element_type=\"container\" data-e-type=\"container\">\n\t\t\t\t<div class=\"elementor-element elementor-element-26d5a0d elementor-widget__width-initial elementor-widget elementor-widget-text-editor\" data-id=\"26d5a0d\" data-element_type=\"widget\" data-e-type=\"widget\" data-widget_type=\"text-editor.default\">\n\t\t\t\t<div class=\"elementor-widget-container\">\n\t\t\t\t\t\t\t\t\t<h2>Wir sind hier, um Sie zu unterst\u00fctzen.<\/h2><p>Wenn Sie die gew\u00fcnschten Informationen nicht finden konnten, auch nicht auf der <a href=\"https:\/\/foyerglobalhealth.globalexcel.com\/de\/haeufig-gestellte-fragen\/\">Seite mit den h\u00e4ufig gestellten<\/a> Fragen, kontaktieren Sie uns bitte per E-Mail unter<a href=\"mailto:service@globalexcel.com?subject=Global%20Health%20Informationsanfrage\">\u00a0service@globalexcel.com<\/a>\u00a0oder rufen Sie uns geb\u00fchrenfrei an\u00a0<strong>212-796-0854. <\/strong><br \/><br \/>E-Mails werden innerhalb von <strong>2 bis 3 Werktagen beantwortet.<\/strong><\/p>\t\t\t\t\t\t\t\t<\/div>\n\t\t\t\t<\/div>\n\t\t\t\t<\/div>\n\t\t\t\t\t<\/div>\n\t\t\t\t<\/div>\n\t\t\t\t<\/div>\n\t\t","protected":false},"excerpt":{"rendered":"<p>Kontaktseite Wir sind hier, um Sie zu unterst\u00fctzen. Wenn Sie die gew\u00fcnschten Informationen nicht finden konnten, auch nicht auf der Seite mit den h\u00e4ufig gestellten Fragen, kontaktieren Sie uns bitte per E-Mail unter\u00a0service@globalexcel.com\u00a0oder rufen Sie uns geb\u00fchrenfrei an\u00a0212-796-0854. E-Mails werden innerhalb von 2 bis 3 Werktagen beantwortet.<\/p>\n","protected":false},"author":2,"featured_media":0,"parent":0,"menu_order":0,"comment_status":"closed","ping_status":"closed","template":"","meta":{"inline_featured_image":false,"footnotes":""},"class_list":["post-2503","page","type-page","status-publish","hentry"],"_links":{"self":[{"href":"https:\/\/foyerglobalhealth.globalexcel.com\/de\/wp-json\/wp\/v2\/pages\/2503","targetHints":{"allow":["GET"]}}],"collection":[{"href":"https:\/\/foyerglobalhealth.globalexcel.com\/de\/wp-json\/wp\/v2\/pages"}],"about":[{"href":"https:\/\/foyerglobalhealth.globalexcel.com\/de\/wp-json\/wp\/v2\/types\/page"}],"author":[{"embeddable":true,"href":"https:\/\/foyerglobalhealth.globalexcel.com\/de\/wp-json\/wp\/v2\/users\/2"}],"replies":[{"embeddable":true,"href":"https:\/\/foyerglobalhealth.globalexcel.com\/de\/wp-json\/wp\/v2\/comments?post=2503"}],"version-history":[{"count":28,"href":"https:\/\/foyerglobalhealth.globalexcel.com\/de\/wp-json\/wp\/v2\/pages\/2503\/revisions"}],"predecessor-version":[{"id":3565,"href":"https:\/\/foyerglobalhealth.globalexcel.com\/de\/wp-json\/wp\/v2\/pages\/2503\/revisions\/3565"}],"wp:attachment":[{"href":"https:\/\/foyerglobalhealth.globalexcel.com\/de\/wp-json\/wp\/v2\/media?parent=2503"}],"curies":[{"name":"wp","href":"https:\/\/api.w.org\/{rel}","templated":true}]}}